{"id":6,"date":"2022-11-30T22:17:05","date_gmt":"2022-11-30T22:17:05","guid":{"rendered":"https:\/\/alz.put.poznan.pl\/?page_id=6"},"modified":"2023-01-19T15:47:34","modified_gmt":"2023-01-19T15:47:34","slug":"schemat-badania","status":"publish","type":"page","link":"https:\/\/alz.put.poznan.pl\/index.php\/schemat-badania\/","title":{"rendered":"Schemat badania"},"content":{"rendered":"\n<p>Badanie podzielone jest na kilka etap\u00f3w.<\/p>\n\n\n\n<p><br>W trakcie pierwszego i drugiego spotkania ze specjalist\u0105 zostanie zebrany wywiad<br>og\u00f3lnomedyczny, okre\u015blone i zlecone niezb\u0119dne badania dodatkowe oraz sprawdzona<br>sprawno\u015b\u0107 pami\u0119ci. Je\u015bli zostan\u0105 stwierdzone jakie\u015b nieprawid\u0142owo\u015bci, w\u00f3wczas b\u0119d\u0105<br>Pa\u0144stwo kierowani na dalsz\u0105, szczeg\u00f3\u0142ow\u0105 diagnostyk\u0119. Je\u015bli natomiast nie zostan\u0105<br>stwierdzone jakiekolwiek niepokoj\u0105ce symptomy, zostan\u0105 Pa\u0144stwo um\u00f3wieni na wizyt\u0119<br>kontroln\u0105 za 6-12 miesi\u0119cy. Na spotkanie 1. i 2. planujemy po\u015bwi\u0119ci\u0107 po oko\u0142o 30 minut.<br><\/p>\n\n\n\n<p>W kolejnym etapie badania (spotkanie trzecie i czwarte), w kt\u00f3rym bior\u0105 udzia\u0142<br>wszyscy &#8211; niezale\u017cnie od wynik\u00f3w badania pami\u0119ci &#8211; dokonamy oceny sprawno\u015bci Pa\u0144stwa wzroku i s\u0142uchu, a nast\u0119pnie przeprowadzimy w\u0142a\u015bciwe testy.<br><\/p>\n\n\n\n<p>Ocena wzroku i s\u0142uchu jest konieczna aby mie\u0107 pewno\u015b\u0107, \u017ce na wyniki dalszych test\u00f3w nie wp\u0142ywa ewentualna wada tych narz\u0105d\u00f3w zmys\u0142\u00f3w. Dzi\u0119ki temu przy okazji udzia\u0142u w<br>projekcie b\u0119d\u0105 mieli Pa\u0144stwo okazj\u0119 wykona\u0107 bardzo dok\u0142adne i darmowe badania. Gdyby okaza\u0142o si\u0119, \u017ce zostanie wykryta jaka\u015b choroba, otrzymaj\u0105 Pa\u0144stwo szczeg\u00f3\u0142owe instrukcje w sprawie dalszego post\u0119powania. Po przeprowadzeniu bada\u0144 sprawno\u015bci wzroku i s\u0142uchu b\u0119d\u0105 Pa\u0144stwo rozwi\u0105zywa\u0107 zadania, ogl\u0105da\u0107 i s\u0142ucha\u0107 r\u00f3\u017cnych materia\u0142\u00f3w, pr\u00f3bowa\u0107 dostrzec r\u00f3\u017cnice mi\u0119dzy obrazami, zapami\u0119ta\u0107 uk\u0142ady graficzne i tym podobne. Ten etap b\u0119dzie przypomina\u0142 sprawdzian, jednak nie ma tu zagro\u017cenia otrzymania z\u0142ej oceny. Niestety nie przewidujemy r\u00f3wnie\u017c \u017cadnych nagr\u00f3d za najlepsze wyniki.<br>Szacujemy, \u017ce spotkanie trzecie i czwarte zajmie \u0142\u0105cznie oko\u0142o czterech godzin (dwa<br>spotkania po dwie godziny). Jedno z nich odb\u0119dzie na Wydziale Fizyki UAM na Morasku,<br>drugie w Centrum Terapii Wzroku OPTO+, przy ulicy D\u0105browskiego 353.<\/p>\n\n\n\n<p><strong><br>Je\u015bli s\u0105 Pa\u0144stwo zainteresowani udzia\u0142em w badaniu, prosimy o wys\u0142anie maila na adres:   lekarz.marcin.gorniak@gmail.com<\/strong><\/p>\n","protected":false},"excerpt":{"rendered":"<p>Badanie podzielone jest na kilka etap\u00f3w. W trakcie pierwszego i drugiego spotkania ze specjalist\u0105 zostanie zebrany wywiadog\u00f3lnomedyczny, okre\u015blone i zlecone niezb\u0119dne badania dodatkowe oraz sprawdzonasprawno\u015b\u0107 pami\u0119ci. Je\u015bli zostan\u0105 stwierdzone jakie\u015b nieprawid\u0142owo\u015bci, w\u00f3wczas b\u0119d\u0105Pa\u0144stwo kierowani na dalsz\u0105, szczeg\u00f3\u0142ow\u0105 diagnostyk\u0119. Je\u015bli natomiast nie zostan\u0105stwierdzone jakiekolwiek niepokoj\u0105ce symptomy, zostan\u0105 Pa\u0144stwo um\u00f3wieni na wizyt\u0119kontroln\u0105 za 6-12 miesi\u0119cy. Na spotkanie [&hellip;]<\/p>\n","protected":false},"author":1,"featured_media":0,"parent":0,"menu_order":0,"comment_status":"closed","ping_status":"closed","template":"","meta":{"footnotes":""},"class_list":["post-6","page","type-page","status-publish","hentry"],"_links":{"self":[{"href":"https:\/\/alz.put.poznan.pl\/index.php\/wp-json\/wp\/v2\/pages\/6","targetHints":{"allow":["GET"]}}],"collection":[{"href":"https:\/\/alz.put.poznan.pl\/index.php\/wp-json\/wp\/v2\/pages"}],"about":[{"href":"https:\/\/alz.put.poznan.pl\/index.php\/wp-json\/wp\/v2\/types\/page"}],"author":[{"embeddable":true,"href":"https:\/\/alz.put.poznan.pl\/index.php\/wp-json\/wp\/v2\/users\/1"}],"replies":[{"embeddable":true,"href":"https:\/\/alz.put.poznan.pl\/index.php\/wp-json\/wp\/v2\/comments?post=6"}],"version-history":[{"count":5,"href":"https:\/\/alz.put.poznan.pl\/index.php\/wp-json\/wp\/v2\/pages\/6\/revisions"}],"predecessor-version":[{"id":106,"href":"https:\/\/alz.put.poznan.pl\/index.php\/wp-json\/wp\/v2\/pages\/6\/revisions\/106"}],"wp:attachment":[{"href":"https:\/\/alz.put.poznan.pl\/index.php\/wp-json\/wp\/v2\/media?parent=6"}],"curies":[{"name":"wp","href":"https:\/\/api.w.org\/{rel}","templated":true}]}}