{"id":2,"date":"2022-11-29T07:59:04","date_gmt":"2022-11-29T07:59:04","guid":{"rendered":"http:\/\/alz.put.poznan.pl\/?page_id=2"},"modified":"2023-05-27T13:25:39","modified_gmt":"2023-05-27T13:25:39","slug":"sample-page","status":"publish","type":"page","link":"https:\/\/alz.put.poznan.pl\/","title":{"rendered":""},"content":{"rendered":"\n<div class=\"wp-block-columns is-layout-flex wp-container-core-columns-is-layout-9d6595d7 wp-block-columns-is-layout-flex\">\n<div class=\"wp-block-column is-layout-flow wp-block-column-is-layout-flow\">\n<div class=\"wp-block-columns is-layout-flex wp-container-core-columns-is-layout-9d6595d7 wp-block-columns-is-layout-flex\">\n<div class=\"wp-block-column is-layout-flow wp-block-column-is-layout-flow\"><div class=\"wp-block-image\">\n<figure class=\"alignleft size-large is-resized\"><img loading=\"lazy\" decoding=\"async\" src=\"https:\/\/alz.put.poznan.pl\/wp-content\/uploads\/2023\/04\/logo_wersja-podstawowa_granat_1-877x1024.jpg\" alt=\"\" class=\"wp-image-125\" width=\"105\" height=\"123\" srcset=\"https:\/\/alz.put.poznan.pl\/wp-content\/uploads\/2023\/04\/logo_wersja-podstawowa_granat_1-877x1024.jpg 877w, https:\/\/alz.put.poznan.pl\/wp-content\/uploads\/2023\/04\/logo_wersja-podstawowa_granat_1-257x300.jpg 257w, https:\/\/alz.put.poznan.pl\/wp-content\/uploads\/2023\/04\/logo_wersja-podstawowa_granat_1-768x896.jpg 768w, https:\/\/alz.put.poznan.pl\/wp-content\/uploads\/2023\/04\/logo_wersja-podstawowa_granat_1-624x728.jpg 624w, https:\/\/alz.put.poznan.pl\/wp-content\/uploads\/2023\/04\/logo_wersja-podstawowa_granat_1.jpg 885w\" sizes=\"auto, (max-width: 105px) 100vw, 105px\" \/><\/figure>\n<\/div><\/div>\n\n\n\n<div class=\"wp-block-column is-layout-flow wp-block-column-is-layout-flow\"><div class=\"wp-block-image\">\n<figure class=\"alignright size-large is-resized\"><img loading=\"lazy\" decoding=\"async\" src=\"https:\/\/alz.put.poznan.pl\/wp-content\/uploads\/2023\/04\/PP_znak_konturowy_CMYK-1024x1024.jpg\" alt=\"\" class=\"wp-image-126\" width=\"112\" height=\"112\" srcset=\"https:\/\/alz.put.poznan.pl\/wp-content\/uploads\/2023\/04\/PP_znak_konturowy_CMYK-1024x1024.jpg 1024w, https:\/\/alz.put.poznan.pl\/wp-content\/uploads\/2023\/04\/PP_znak_konturowy_CMYK-300x300.jpg 300w, https:\/\/alz.put.poznan.pl\/wp-content\/uploads\/2023\/04\/PP_znak_konturowy_CMYK-150x150.jpg 150w, https:\/\/alz.put.poznan.pl\/wp-content\/uploads\/2023\/04\/PP_znak_konturowy_CMYK-768x768.jpg 768w, https:\/\/alz.put.poznan.pl\/wp-content\/uploads\/2023\/04\/PP_znak_konturowy_CMYK-624x624.jpg 624w, https:\/\/alz.put.poznan.pl\/wp-content\/uploads\/2023\/04\/PP_znak_konturowy_CMYK.jpg 1181w\" sizes=\"auto, (max-width: 112px) 100vw, 112px\" \/><\/figure>\n<\/div><\/div>\n<\/div>\n<\/div>\n<\/div>\n\n\n\n<p>Uniwersytet im. Adama Mickiewicza w Poznaniu wraz z Politechnik\u0105 Pozna\u0144sk\u0105 prowadzi projekt badawczy, kt\u00f3rego celem jest opracowanie nowej, bezinwazyjnej metody diagnozowania choroby Alzheimera na jej wczesnym etapie. <\/p>\n\n\n\n<p>Choroba Alzheimera to podst\u0119pne schorzenie, a proces le\u017c\u0105cy u jej pod\u0142o\u017ca rozpoczyna si\u0119 na dekady przed wyst\u0105pieniem pierwszych objaw\u00f3w choroby. Jest to tak zwana utajona (prodromalna) faza choroby.<\/p>\n\n\n\n<p>W wi\u0119kszo\u015bci chor\u00f3b, rozpoznanie postawione na wczesnym etapie ma fundamentalne znaczenie dla rokowania. Wszyscy mamy nadziej\u0119, \u017ce pr\u0119dzej czy p\u00f3\u017aniej b\u0119dziemy dysponowa\u0107 skutecznym lekiem, jednak mo\u017ce si\u0119 okaza\u0107, \u017ce najwi\u0119ksz\u0105 barier\u0105 w jego zastosowaniu b\u0119dzie wtedy dost\u0119p do wczesnej diagnostyki &#8211; obecnie ci\u0105gle bardzo drogiej, inwazyjnej i trudno osi\u0105galnej. <\/p>\n\n\n\n<p>Znane s\u0105 r\u00f3wnie\u017c pewne dzia\u0142ania, kt\u00f3re podj\u0119te odpowiednio wcze\u015bnie, mog\u0105 zmniejszy\u0107 tempo rozwoju choroby, jednak ich wdro\u017cenie i kontynuowanie wymaga motywacji. T\u0119 ostatni\u0105 mo\u017ce poprawi\u0107 \u015bwiadomo\u015b\u0107 ryzyka choroby.<\/p>\n\n\n\n<p>Dlatego zach\u0119camy Pa\u0144stwa do uczestnictwa w programie.<\/p>\n\n\n\n<p>Aby przeprowadzi\u0107 badanie musimy zebra\u0107 grup\u0119 50 os\u00f3b zagro\u017conych rozwojem choroby oraz podobn\u0105 grup\u0119 kontroln\u0105. Zapraszam do udzia\u0142u w badaniu wszystkie osoby po 60 roku \u017cycia, kt\u00f3re obawiaj\u0105 si\u0119, \u017ce co\u015b z\u0142ego dzieje si\u0119 z ich pami\u0119ci\u0105 oraz osoby bez zaburze\u0144 pami\u0119ci, kt\u00f3re jednak maj\u0105 (mia\u0142y) w\u015br\u00f3d swoich krewnych osoby z wczesnym ot\u0119pieniem (to jest takim, kt\u00f3re rozwin\u0119\u0142o si\u0119 przed 65 rokiem \u017cycia).<\/p>\n\n\n\n<p><strong>Program nie jest przeznaczony dla os\u00f3b z wyra\u017anymi objawami ot\u0119pienia lub ju\u017c rozpoznan\u0105 chorob\u0105 Alzheimera.<\/strong><\/p>\n\n\n\n<p>Ch\u0119\u0107 udzia\u0142u w projekcie prosz\u0119 zg\u0142asza\u0107 pisz\u0105c na adres: <\/p>\n\n\n\n<p><a href=\"mailto:lekarz.marcin.gorniak@gmail.com\">lekarz.marcin.gorniak@gmail.com<\/a><\/p>\n","protected":false},"excerpt":{"rendered":"<p>Uniwersytet im. Adama Mickiewicza w Poznaniu wraz z Politechnik\u0105 Pozna\u0144sk\u0105 prowadzi projekt badawczy, kt\u00f3rego celem jest opracowanie nowej, bezinwazyjnej metody diagnozowania choroby Alzheimera na jej wczesnym etapie. Choroba Alzheimera to podst\u0119pne schorzenie, a proces le\u017c\u0105cy u jej pod\u0142o\u017ca rozpoczyna si\u0119 na dekady przed wyst\u0105pieniem pierwszych objaw\u00f3w choroby. Jest to tak zwana utajona (prodromalna) faza choroby. [&hellip;]<\/p>\n","protected":false},"author":1,"featured_media":0,"parent":0,"menu_order":0,"comment_status":"closed","ping_status":"open","template":"","meta":{"footnotes":""},"class_list":["post-2","page","type-page","status-publish","hentry"],"_links":{"self":[{"href":"https:\/\/alz.put.poznan.pl\/index.php\/wp-json\/wp\/v2\/pages\/2","targetHints":{"allow":["GET"]}}],"collection":[{"href":"https:\/\/alz.put.poznan.pl\/index.php\/wp-json\/wp\/v2\/pages"}],"about":[{"href":"https:\/\/alz.put.poznan.pl\/index.php\/wp-json\/wp\/v2\/types\/page"}],"author":[{"embeddable":true,"href":"https:\/\/alz.put.poznan.pl\/index.php\/wp-json\/wp\/v2\/users\/1"}],"replies":[{"embeddable":true,"href":"https:\/\/alz.put.poznan.pl\/index.php\/wp-json\/wp\/v2\/comments?post=2"}],"version-history":[{"count":11,"href":"https:\/\/alz.put.poznan.pl\/index.php\/wp-json\/wp\/v2\/pages\/2\/revisions"}],"predecessor-version":[{"id":139,"href":"https:\/\/alz.put.poznan.pl\/index.php\/wp-json\/wp\/v2\/pages\/2\/revisions\/139"}],"wp:attachment":[{"href":"https:\/\/alz.put.poznan.pl\/index.php\/wp-json\/wp\/v2\/media?parent=2"}],"curies":[{"name":"wp","href":"https:\/\/api.w.org\/{rel}","templated":true}]}}