{"id":18,"date":"2022-11-30T22:21:12","date_gmt":"2022-11-30T22:21:12","guid":{"rendered":"https:\/\/alz.put.poznan.pl\/?page_id=18"},"modified":"2023-06-08T20:23:31","modified_gmt":"2023-06-08T20:23:31","slug":"informacje-dodatkowe","status":"publish","type":"page","link":"https:\/\/alz.put.poznan.pl\/index.php\/informacje-dodatkowe\/","title":{"rendered":"Ciekawe doniesienia naukowe"},"content":{"rendered":"\n<p><strong>8.06.2023:<\/strong> <a href=\"https:\/\/naukawpolsce.pl\/aktualnosci\/news%2C96906%2Cpsychiatra-liczba-osob-z-choroba-alzheimera-rosnie-szybciej-niz-odsetek-osob\">Wywiad z dr. Marcinem G\u00f3rniakiem<\/a> <a href=\"https:\/\/naukawpolsce.pl\/aktualnosci\/news%2C96906%2Cpsychiatra-liczba-osob-z-choroba-alzheimera-rosnie-szybciej-niz-odsetek-osob\">pt.: <em>Psychiatra: liczba os\u00f3b z chorob\u0105 Alzheimera ro\u015bnie szybciej, ni\u017c odsetek os\u00f3b w wieku podesz\u0142ym<\/em><\/a><\/p>\n\n\n\n<p><strong>7.06.2023:<\/strong> Zesp\u00f3\u0142 Alzheimer Prediction Project uzyska\u0142 nominacj\u0119 do nagrody Naukowiec Przysz\u0142o\u015bci 2023 w kategorii Zesp\u00f3\u0142 Badawczy Przysz\u0142o\u015bci.<\/p>\n\n\n<div class=\"wp-block-image\">\n<figure class=\"aligncenter size-full\"><a href=\"https:\/\/alz.put.poznan.pl\/wp-content\/uploads\/2023\/06\/Naukowiec-przyszlosci-List-Nominacyjny-Alzheimer-Prediction-Project-1.pdf\"><img loading=\"lazy\" decoding=\"async\" width=\"150\" height=\"213\" src=\"https:\/\/alz.put.poznan.pl\/wp-content\/uploads\/2023\/06\/np.png\" alt=\"\" class=\"wp-image-147\"\/><\/a><\/figure>\n<\/div>\n\n\n<p><strong>26.01.2023:<\/strong> W niedawno opublikowanym badaniu wykazano, \u017ce precyzyjne, zindywidualizowane i specjalistyczne leczenie powszechnie spotykanych zaburze\u0144 somatycznych (m.in. nadci\u015bnienia, cukrzycy, przewlek\u0142ych stan\u00f3w zapalnych i infekcji, insulinooporno\u015bci, obturacyjnego bezdechu sennego, zaburze\u0144 hormonalnych, niedob\u00f3r sk\u0142adnik\u00f3w od\u017cywczych) pozwala na uzyskanie znacz\u0105cej poprawy w zakresie deficyt\u00f3w poznawczych nawet u chorych z \u0142agodnym ot\u0119pieniem w przebiegu choroby Alzheimera (i oczywi\u015bcie w fazie \u0142agodnych zaburze\u0144 poznawczych). <\/p>\n\n\n\n<p>Tego typu post\u0119powanie jest niesamowicie czasoch\u0142onne i kosztowne, niemniej wskazuje na pewne mo\u017cliwo\u015bci uzyskania poprawy w stanach traktowanych zwykle jako nieodwracalne i post\u0119puj\u0105ce.<\/p>\n\n\n\n<p><strong>12.01.2023:<\/strong> Badania epidemiologiczne przeprowadzane w krajach zachodnich wskazuj\u0105, \u017ce w ostatnich latach spada zachorowalno\u015b\u0107 na ot\u0119pienie, w tym chorob\u0119 Alzheimera. Jako najbardziej prawdopodobn\u0105 przyczyn\u0119 tego zjawiska postuluje si\u0119 skuteczniejsz\u0105 profilaktyk\u0119 chor\u00f3b naczyniowych i metabolicznych oraz wy\u017cszy poziom edukacji i aktywno\u015bci umys\u0142owej populacji.<\/p>\n\n\n\n<p>Opisywane tendencje powinny mobilizowa\u0107 osoby w wi\u0119kszym stopniu zagro\u017cone chorob\u0105 do prowadzenia zdrowego i aktywnego trybu \u017cycia. R\u00f3wnie\u017c i w tym przypadku wczesna diagnostyka mo\u017ce by\u0107 rozpatrywana jako korzystna z uwagi na zwi\u0119kszenie motywacji os\u00f3b zagro\u017conych do podj\u0119cia wszelkich dost\u0119pnych dzia\u0142a\u0144 profilaktycznych.<\/p>\n\n\n\n<p><strong>08.01.2023: <\/strong>6 stycznia Ameryka\u0144ski Urz\u0105d ds. \u017bywno\u015bci i&nbsp;Lek\u00f3w zatwierdzi\u0142 nowy lek dla pacjent\u00f3w na&nbsp;wczesnym etapie choroby Alzheimera. Testy wykaza\u0142y, \u017ce&nbsp;\u015brodek spowalnia procesy degradacji pami\u0119ci o&nbsp;27 proc. w&nbsp;por\u00f3wnaniu z&nbsp;placebo.<\/p>\n\n\n\n<p>Ponownie potwierdzona zostaje prawid\u0142owo\u015b\u0107, \u017ce wczesne rozpoznanie i leczenie jest kluczowe dla skuteczno\u015bci terapii. Tym bardziej znaczenia nabieraj\u0105 wszelkie inicjatywy &#8211; w tym nasz projekt badawczy &#8211; kt\u00f3rych celem jest stworzenie test\u00f3w pozwalaj\u0105cych szybko i tanio rozpoznawa\u0107 chorob\u0119 na jej jak najwcze\u015bniejszym etapie.<\/p>\n\n\n\n<p><strong>01.01.2023:<\/strong> Pod koniec 2022 roku w Japonii zarejestrowano pierwszy test pozwalaj\u0105cy na oznaczenie amyloidu beta we krwi pacjenta. Firma b\u0119d\u0105ca producentem testu deklaruje, \u017ce jego u\u017cycie pozwala zast\u0105pi\u0107 drogie i ma\u0142o dost\u0119pne badanie PET, stosowane obecnie jako standard w celu wykazania obecno\u015bci patologicznego bia\u0142ka w m\u00f3zgu pacjenta.<\/p>\n\n\n\n<p>Test jest na razie niedost\u0119pny w innych krajach, jednak jego rejestracja w Japonii &#8211; kraju borykaj\u0105cym si\u0119 ze znaczn\u0105 liczb\u0105 chorych na chorob\u0119 Alzheimera &#8211; stanowi wyra\u017any post\u0119p w diagnostyce choroby. Podobne, cho\u0107 jeszcze oficjalnie nie zarejestrowane testy diagnostyczne, w USA kosztuj\u0105 ponad 1000 dolar\u00f3w, a wi\u0119c niewiele mniej ni\u017c badanie PET.<\/p>\n\n\n\n<p><\/p>\n","protected":false},"excerpt":{"rendered":"<p>8.06.2023: Wywiad z dr. Marcinem G\u00f3rniakiem pt.: Psychiatra: liczba os\u00f3b z chorob\u0105 Alzheimera ro\u015bnie szybciej, ni\u017c odsetek os\u00f3b w wieku podesz\u0142ym 7.06.2023: Zesp\u00f3\u0142 Alzheimer Prediction Project uzyska\u0142 nominacj\u0119 do nagrody Naukowiec Przysz\u0142o\u015bci 2023 w kategorii Zesp\u00f3\u0142 Badawczy Przysz\u0142o\u015bci. 26.01.2023: W niedawno opublikowanym badaniu wykazano, \u017ce precyzyjne, zindywidualizowane i specjalistyczne leczenie powszechnie spotykanych zaburze\u0144 somatycznych (m.in. [&hellip;]<\/p>\n","protected":false},"author":1,"featured_media":0,"parent":0,"menu_order":0,"comment_status":"closed","ping_status":"closed","template":"","meta":{"footnotes":""},"class_list":["post-18","page","type-page","status-publish","hentry"],"_links":{"self":[{"href":"https:\/\/alz.put.poznan.pl\/index.php\/wp-json\/wp\/v2\/pages\/18","targetHints":{"allow":["GET"]}}],"collection":[{"href":"https:\/\/alz.put.poznan.pl\/index.php\/wp-json\/wp\/v2\/pages"}],"about":[{"href":"https:\/\/alz.put.poznan.pl\/index.php\/wp-json\/wp\/v2\/types\/page"}],"author":[{"embeddable":true,"href":"https:\/\/alz.put.poznan.pl\/index.php\/wp-json\/wp\/v2\/users\/1"}],"replies":[{"embeddable":true,"href":"https:\/\/alz.put.poznan.pl\/index.php\/wp-json\/wp\/v2\/comments?post=18"}],"version-history":[{"count":13,"href":"https:\/\/alz.put.poznan.pl\/index.php\/wp-json\/wp\/v2\/pages\/18\/revisions"}],"predecessor-version":[{"id":156,"href":"https:\/\/alz.put.poznan.pl\/index.php\/wp-json\/wp\/v2\/pages\/18\/revisions\/156"}],"wp:attachment":[{"href":"https:\/\/alz.put.poznan.pl\/index.php\/wp-json\/wp\/v2\/media?parent=18"}],"curies":[{"name":"wp","href":"https:\/\/api.w.org\/{rel}","templated":true}]}}